{"id":1799,"date":"2020-04-29T12:30:10","date_gmt":"2020-04-29T10:30:10","guid":{"rendered":"https:\/\/www.oltresrl.eu\/?page_id=1799"},"modified":"2021-09-22T12:21:58","modified_gmt":"2021-09-22T10:21:58","slug":"master-trainer-specialist","status":"publish","type":"page","link":"https:\/\/www.oltresrl.eu\/index.php\/master-trainer-specialist\/","title":{"rendered":"Master &#8211; Trainer Specialist"},"content":{"rendered":"\t\t<div data-elementor-type=\"wp-post\" data-elementor-id=\"1799\" class=\"elementor elementor-1799\">\n\t\t\t\t\t\t<section class=\"elementor-section elementor-top-section elementor-element elementor-element-613a81a elementor-section-boxed elementor-section-height-default elementor-section-height-default\" data-id=\"613a81a\" data-element_type=\"section\" data-e-type=\"section\">\n\t\t\t\t\t\t<div class=\"elementor-container elementor-column-gap-default\">\n\t\t\t\t\t<div class=\"aux-parallax-section elementor-column elementor-col-100 elementor-top-column elementor-element elementor-element-890202f\" data-id=\"890202f\" data-element_type=\"column\" data-e-type=\"column\">\n\t\t\t<div class=\"elementor-widget-wrap elementor-element-populated\">\n\t\t\t\t\t\t<div class=\"elementor-element elementor-element-8ce5e0d elementor-widget elementor-widget-image\" data-id=\"8ce5e0d\" data-element_type=\"widget\" data-e-type=\"widget\" data-widget_type=\"image.default\">\n\t\t\t\t<div class=\"elementor-widget-container\">\n\t\t\t\t\t\t\t\t\t\t\t\t\t\t\t<img decoding=\"async\" src=\"https:\/\/www.oltresrl.eu\/wp-content\/uploads\/elementor\/thumbs\/orizzontale-png-qle681kk6ioglb81i9tx0vnnlrp88li0qeugbwzik8.png\" title=\"orizzontale png\" alt=\"orizzontale png\" loading=\"lazy\" \/>\t\t\t\t\t\t\t\t\t\t\t\t\t\t\t<\/div>\n\t\t\t\t<\/div>\n\t\t\t\t\t<\/div>\n\t\t<\/div>\n\t\t\t\t\t<\/div>\n\t\t<\/section>\n\t\t\t\t<section class=\"elementor-section elementor-top-section elementor-element elementor-element-4fd59ce elementor-section-boxed elementor-section-height-default elementor-section-height-default\" data-id=\"4fd59ce\" data-element_type=\"section\" data-e-type=\"section\">\n\t\t\t\t\t\t<div class=\"elementor-container elementor-column-gap-default\">\n\t\t\t\t\t<div class=\"aux-parallax-section elementor-column elementor-col-100 elementor-top-column elementor-element elementor-element-b445689\" data-id=\"b445689\" data-element_type=\"column\" data-e-type=\"column\">\n\t\t\t<div class=\"elementor-widget-wrap elementor-element-populated\">\n\t\t\t\t\t\t<div class=\"elementor-element elementor-element-cf8e286 elementor-widget elementor-widget-text-editor\" data-id=\"cf8e286\" data-element_type=\"widget\" data-e-type=\"widget\" data-widget_type=\"text-editor.default\">\n\t\t\t\t<div class=\"elementor-widget-container\">\n\t\t\t\t\t\t\t\t\t<p>SAPIO \u00e8 l\u2019Accademia specializzata in People Management di Oltre Srl, societ\u00e0 di formazione, consulenza e recruiting che da oltre 30 anni opera nelle dinamiche del mercato del lavoro.<\/p>\t\t\t\t\t\t\t\t<\/div>\n\t\t\t\t<\/div>\n\t\t\t\t\t<\/div>\n\t\t<\/div>\n\t\t\t\t\t<\/div>\n\t\t<\/section>\n\t\t\t\t<section class=\"elementor-section elementor-top-section elementor-element elementor-element-a7ad518 elementor-section-boxed elementor-section-height-default elementor-section-height-default\" data-id=\"a7ad518\" data-element_type=\"section\" data-e-type=\"section\">\n\t\t\t\t\t\t<div class=\"elementor-container elementor-column-gap-wider\">\n\t\t\t\t\t<div class=\"aux-parallax-section elementor-column elementor-col-100 elementor-top-column elementor-element elementor-element-a8406c8\" data-id=\"a8406c8\" data-element_type=\"column\" data-e-type=\"column\">\n\t\t\t<div class=\"elementor-widget-wrap elementor-element-populated\">\n\t\t\t\t\t\t<div class=\"elementor-element elementor-element-3e36039 elementor-position-top elementor-widget elementor-widget-image-box\" data-id=\"3e36039\" data-element_type=\"widget\" data-e-type=\"widget\" data-widget_type=\"image-box.default\">\n\t\t\t\t<div class=\"elementor-widget-container\">\n\t\t\t\t\t<div class=\"elementor-image-box-wrapper\"><figure class=\"elementor-image-box-img\"><img fetchpriority=\"high\" decoding=\"async\" width=\"1537\" height=\"586\" src=\"https:\/\/www.oltresrl.eu\/wp-content\/uploads\/2020\/09\/copertine-seconda-pagina-masterlab-04.jpg\" class=\"elementor-animation-grow attachment-full size-full wp-image-2838\" alt=\"\" srcset=\"https:\/\/www.oltresrl.eu\/wp-content\/uploads\/2020\/09\/copertine-seconda-pagina-masterlab-04.jpg 1537w, https:\/\/www.oltresrl.eu\/wp-content\/uploads\/2020\/09\/copertine-seconda-pagina-masterlab-04-600x229.jpg 600w\" sizes=\"(max-width: 1537px) 100vw, 1537px\" \/><\/figure><\/div>\t\t\t\t<\/div>\n\t\t\t\t<\/div>\n\t\t\t\t\t<\/div>\n\t\t<\/div>\n\t\t\t\t\t<\/div>\n\t\t<\/section>\n\t\t\t\t<section class=\"elementor-section elementor-top-section elementor-element elementor-element-0fe088b elementor-section-boxed elementor-section-height-default elementor-section-height-default\" data-id=\"0fe088b\" data-element_type=\"section\" data-e-type=\"section\">\n\t\t\t\t\t\t<div class=\"elementor-container elementor-column-gap-default\">\n\t\t\t\t\t<div class=\"aux-parallax-section elementor-column elementor-col-100 elementor-top-column elementor-element elementor-element-83492b9\" data-id=\"83492b9\" data-element_type=\"column\" data-e-type=\"column\">\n\t\t\t<div class=\"elementor-widget-wrap elementor-element-populated\">\n\t\t\t\t\t\t<div class=\"elementor-element elementor-element-07a6c51 elementor-widget elementor-widget-image\" data-id=\"07a6c51\" data-element_type=\"widget\" data-e-type=\"widget\" data-widget_type=\"image.default\">\n\t\t\t\t<div class=\"elementor-widget-container\">\n\t\t\t\t\t\t\t\t\t\t\t\t\t\t\t<img decoding=\"async\" width=\"1920\" height=\"250\" src=\"https:\/\/www.oltresrl.eu\/wp-content\/uploads\/2020\/10\/BANNER-SAPIO-LANDING.png\" class=\"attachment-full size-full wp-image-3061\" alt=\"\" srcset=\"https:\/\/www.oltresrl.eu\/wp-content\/uploads\/2020\/10\/BANNER-SAPIO-LANDING.png 1920w, https:\/\/www.oltresrl.eu\/wp-content\/uploads\/2020\/10\/BANNER-SAPIO-LANDING-1536x200.png 1536w, https:\/\/www.oltresrl.eu\/wp-content\/uploads\/2020\/10\/BANNER-SAPIO-LANDING-600x78.png 600w\" sizes=\"(max-width: 1920px) 100vw, 1920px\" \/>\t\t\t\t\t\t\t\t\t\t\t\t\t\t\t<\/div>\n\t\t\t\t<\/div>\n\t\t\t\t\t<\/div>\n\t\t<\/div>\n\t\t\t\t\t<\/div>\n\t\t<\/section>\n\t\t\t\t<section class=\"elementor-section elementor-top-section elementor-element elementor-element-ba64f7d elementor-section-boxed elementor-section-height-default elementor-section-height-default\" data-id=\"ba64f7d\" data-element_type=\"section\" data-e-type=\"section\">\n\t\t\t\t\t\t<div class=\"elementor-container elementor-column-gap-wider\">\n\t\t\t\t\t<div class=\"aux-parallax-section elementor-column elementor-col-50 elementor-top-column elementor-element elementor-element-b55a516\" data-id=\"b55a516\" data-element_type=\"column\" data-e-type=\"column\">\n\t\t\t<div class=\"elementor-widget-wrap elementor-element-populated\">\n\t\t\t\t\t\t<div class=\"elementor-element elementor-element-551f22b elementor-widget elementor-widget-aux_modern_heading\" data-id=\"551f22b\" data-element_type=\"widget\" data-e-type=\"widget\" data-widget_type=\"aux_modern_heading.default\">\n\t\t\t\t<div class=\"elementor-widget-container\">\n\t\t\t\t\t<section class=\"aux-widget-modern-heading\">\n            <div class=\"aux-widget-inner\"><h2 class=\"aux-modern-heading-primary\">PERCH\u00c9 SCEGLIERE QUESTO MASTER LAB\u202f <\/h2><div class=\"aux-modern-heading-divider\"><\/div><div class=\"aux-modern-heading-description\"><p>Partendo dai principi della progettazione e micro progettazione formativa, \u00e8 possibile approcciarsi con incisivit\u00e0 ed efficacia alla gestione dell\u2019aula e all\u2019erogazione di attivit\u00e0 formative. Un Learning Trainer Specialist efficace deve possedere le competenze per condurre e \u201canimare\u201d attivamente un gruppo d\u2019apprendimento alternando stili, tecniche e strumenti in grado di raggiungere tutti i partecipanti, ma anche di gestire imprevisti e favorire l\u2019auto-apprendimento dei discenti. Il percorso \u00e8 strutturato per sviluppare una figura ad alta specializzazione in grado di adottare lo stile pi\u00f9 funzionale ai bisogni formativi e di apprendimento e scegliere le metodologie didattiche e di interazione pi\u00f9 efficaci con un focus sui nuovi strumenti tecnologi della formazione on line.<\/p><\/div><\/div>\n        <\/section>\t\t\t\t<\/div>\n\t\t\t\t<\/div>\n\t\t\t\t\t<\/div>\n\t\t<\/div>\n\t\t\t\t<div class=\"aux-parallax-section elementor-column elementor-col-50 elementor-top-column elementor-element elementor-element-e7d69e0\" data-id=\"e7d69e0\" data-element_type=\"column\" data-e-type=\"column\">\n\t\t\t<div class=\"elementor-widget-wrap elementor-element-populated\">\n\t\t\t\t\t\t<div class=\"elementor-element elementor-element-42a1d1e elementor-widget elementor-widget-aux_modern_heading\" data-id=\"42a1d1e\" data-element_type=\"widget\" data-e-type=\"widget\" data-widget_type=\"aux_modern_heading.default\">\n\t\t\t\t<div class=\"elementor-widget-container\">\n\t\t\t\t\t<section class=\"aux-widget-modern-heading\">\n            <div class=\"aux-widget-inner\"><h2 class=\"aux-modern-heading-primary\">A CHI\u202f\u00c8\u202fRIVOLTO\u202f <\/h2><div class=\"aux-modern-heading-divider\"><\/div><div class=\"aux-modern-heading-description\"><p>Il Master Lab \u00e8 indirizzato sia a Trainer che hanno gi\u00e0 maturato esperienza nel campo della docenza e della formazione e che intendono migliorare le proprie competenze sia a neofiti della formazione che aspirano ad intraprendere un percorso professionale nell\u2019ambito e desiderano proporsi come consulenti o formatori interni ad aziende ed enti.<\/p><p>Nello specifico possono partecipare:<br \/>- Manager della formazione che vogliono sistematizzare il rapporto tra progettazione ed erogazione del training <br \/>- Training specialist che gi\u00e0 operano nel settore ma che intendono acquisire le competenze utili per intervenire nei processi di erogazione d\u2019aula e on line<br \/>- Formatori aziendali che desiderano consolidare le tecniche di conduzione di corsi e progetti di training ampliando la cassetta degli attrezzi con nuove metodologie e strumenti<br \/>- Formatori occasionali che vogliono acquisire nuove competenze utili per gestire gli interventi formativi con maggiore creativit\u00e0, innovativit\u00e0 ed impatto e con l\u2019utilizzo di nuovi strumenti.<\/p><\/div><\/div>\n        <\/section>\t\t\t\t<\/div>\n\t\t\t\t<\/div>\n\t\t\t\t\t<\/div>\n\t\t<\/div>\n\t\t\t\t\t<\/div>\n\t\t<\/section>\n\t\t\t\t<section class=\"elementor-section elementor-top-section elementor-element elementor-element-e7d4c87 elementor-section-boxed elementor-section-height-default elementor-section-height-default\" data-id=\"e7d4c87\" data-element_type=\"section\" data-e-type=\"section\">\n\t\t\t\t\t\t<div class=\"elementor-container elementor-column-gap-wider\">\n\t\t\t\t\t<div class=\"aux-parallax-section elementor-column elementor-col-50 elementor-top-column elementor-element elementor-element-57ff2a2\" data-id=\"57ff2a2\" data-element_type=\"column\" data-e-type=\"column\">\n\t\t\t<div class=\"elementor-widget-wrap elementor-element-populated\">\n\t\t\t\t\t\t<div class=\"elementor-element elementor-element-2021812 elementor-widget elementor-widget-aux_modern_heading\" data-id=\"2021812\" data-element_type=\"widget\" data-e-type=\"widget\" data-widget_type=\"aux_modern_heading.default\">\n\t\t\t\t<div class=\"elementor-widget-container\">\n\t\t\t\t\t<section class=\"aux-widget-modern-heading\">\n            <div class=\"aux-widget-inner\"><h2 class=\"aux-modern-heading-primary\">JOB TITLE IN USCITA<\/h2><div class=\"aux-modern-heading-divider\"><\/div><div class=\"aux-modern-heading-description\"><ul><li>Trainer<\/li><li>Learning Trainer Specialist<\/li><li>Esperto di gestione dell\u2019aula<\/li><li>Esperto nei processi di apprendimento<\/li><li>Tecnico di contenuti per la formazione a distanza<\/li><\/ul><\/div><\/div>\n        <\/section>\t\t\t\t<\/div>\n\t\t\t\t<\/div>\n\t\t\t\t<div class=\"elementor-element elementor-element-b2ff60f elementor-widget elementor-widget-aux_modern_heading\" data-id=\"b2ff60f\" data-element_type=\"widget\" data-e-type=\"widget\" data-widget_type=\"aux_modern_heading.default\">\n\t\t\t\t<div class=\"elementor-widget-container\">\n\t\t\t\t\t<section class=\"aux-widget-modern-heading\">\n            <div class=\"aux-widget-inner\"><h2 class=\"aux-modern-heading-primary\">DURATA<\/h2><div class=\"aux-modern-heading-divider\"><\/div><div class=\"aux-modern-heading-description\"><p>Avvio Lezioni NOVEMBRE 2020<\/p><p>114 h Formazione IN PRESENZA e a DISTANZA nel Weekend <br \/>12 h Consulenza di carriera <br \/>40 h Project work <br \/>1 Talent Day <br \/>40 h \u2013 120 h Esperienza in azienda<\/p><\/div><\/div>\n        <\/section>\t\t\t\t<\/div>\n\t\t\t\t<\/div>\n\t\t\t\t<div class=\"elementor-element elementor-element-f3e6e6b elementor-widget elementor-widget-aux_modern_heading\" data-id=\"f3e6e6b\" data-element_type=\"widget\" data-e-type=\"widget\" data-widget_type=\"aux_modern_heading.default\">\n\t\t\t\t<div class=\"elementor-widget-container\">\n\t\t\t\t\t<section class=\"aux-widget-modern-heading\">\n            <div class=\"aux-widget-inner\"><h2 class=\"aux-modern-heading-primary\"> REQUISITI DI PARTECIPAZIONE<\/h2><div class=\"aux-modern-heading-divider\"><\/div><div class=\"aux-modern-heading-description\"><p>Laurea di I o II livello Laurea di primo o secondo livello, in qualsiasi disciplina. <br \/>Diploma con un minimo di 3 anni di esperienza lavorativa nell\u2019ambito <\/p><\/div><\/div>\n        <\/section>\t\t\t\t<\/div>\n\t\t\t\t<\/div>\n\t\t\t\t\t<\/div>\n\t\t<\/div>\n\t\t\t\t<div class=\"aux-parallax-section elementor-column elementor-col-50 elementor-top-column elementor-element elementor-element-3e816a9\" data-id=\"3e816a9\" data-element_type=\"column\" data-e-type=\"column\">\n\t\t\t<div class=\"elementor-widget-wrap elementor-element-populated\">\n\t\t\t\t\t\t<div class=\"elementor-element elementor-element-eef733e elementor-widget elementor-widget-aux_modern_heading\" data-id=\"eef733e\" data-element_type=\"widget\" data-e-type=\"widget\" data-widget_type=\"aux_modern_heading.default\">\n\t\t\t\t<div class=\"elementor-widget-container\">\n\t\t\t\t\t<section class=\"aux-widget-modern-heading\">\n            <div class=\"aux-widget-inner\"><h2 class=\"aux-modern-heading-primary\">PROGRAMMA\u202f <\/h2><div class=\"aux-modern-heading-divider\"><\/div><div class=\"aux-modern-heading-description\"><ul><li><strong>Il formatore aziendale e l\u2019empowerment professionale <\/strong><br \/><ul><li>Stili del formatore e dinamiche di gestione dei gruppi<\/li><li>Competenze comunicative del formatore: aspetti pratici e tecnici del public speaking<\/li><li>Dialogo e comunicazione strategica per la costruzione della fiducia nell\u2019interazione con allievi e clienti<\/li><li>Personal branding per il formatore: Strumenti e tecniche per inserirsi nel mondo del lavoro<\/li><\/ul><\/li><li><strong>Tecniche e metodologie formative d\u2019aula e \u201coltre l\u2019aula\u201d <\/strong><ul><li>La \u201cregia della formazione\u201d: realizzare uno storyboard didattico<\/li><li>Metodologie didattiche tradizionali vs tecniche di training attivo (di gruppo e one to one)<\/li><li>Tecniche di sviluppo professionale attivo di gruppo e coaching one to one<\/li><li>Training Experience: Modelli di formazione emotiva ed esperienziale<\/li><\/ul><\/li><li><strong>Strumenti digitali per la formazione<\/strong><ul><li>Progettare la formazione a distanza in modalit\u00e0 eLearning e blended learning<\/li><li>Modalit\u00e0 di erogazione in teleformazione e aula virtuale<\/li><li>Realizzare un webinar di successo<\/li><li>Digital Training: Strumenti per la progettazione didattica digitale<\/li><\/ul><\/li><\/ul><\/div><\/div>\n        <\/section>\t\t\t\t<\/div>\n\t\t\t\t<\/div>\n\t\t\t\t\t<\/div>\n\t\t<\/div>\n\t\t\t\t\t<\/div>\n\t\t<\/section>\n\t\t\t\t<section class=\"elementor-section elementor-top-section elementor-element elementor-element-f703dd8 elementor-section-boxed elementor-section-height-default elementor-section-height-default\" data-id=\"f703dd8\" data-element_type=\"section\" data-e-type=\"section\">\n\t\t\t\t\t\t<div class=\"elementor-container elementor-column-gap-wider\">\n\t\t\t\t\t<div class=\"aux-parallax-section elementor-column elementor-col-50 elementor-top-column elementor-element elementor-element-39c9b37\" data-id=\"39c9b37\" data-element_type=\"column\" data-e-type=\"column\">\n\t\t\t<div class=\"elementor-widget-wrap elementor-element-populated\">\n\t\t\t\t\t\t<div class=\"elementor-element elementor-element-f902be1 elementor-widget elementor-widget-aux_modern_heading\" data-id=\"f902be1\" data-element_type=\"widget\" data-e-type=\"widget\" data-widget_type=\"aux_modern_heading.default\">\n\t\t\t\t<div class=\"elementor-widget-container\">\n\t\t\t\t\t<section class=\"aux-widget-modern-heading\">\n            <div class=\"aux-widget-inner\"><h2 class=\"aux-modern-heading-primary\">        COSTI E AGEVOLAZIONI <\/h2><div class=\"aux-modern-heading-divider\"><\/div><div class=\"aux-modern-heading-description\"><p><span data-contrast=\"auto\">La quota di partecipazione al Master Lab \u00e8 pari<\/span><span data-contrast=\"auto\">\u00a0<\/span><span data-contrast=\"auto\">a\u202f<\/span><span data-contrast=\"auto\">2<\/span><span data-contrast=\"auto\">400<\/span><span data-contrast=\"auto\">\u00a0\u20ac<\/span><span data-contrast=\"auto\">\u00a0<\/span><span data-contrast=\"auto\">(<\/span><span data-contrast=\"auto\">i<\/span><span data-contrast=\"auto\">va\u00a0<\/span><span data-contrast=\"auto\">incl<\/span><span data-contrast=\"auto\">.<\/span><span data-contrast=\"auto\">)<\/span><span data-contrast=\"auto\">\u00a0d<\/span><span data-contrast=\"auto\">a corrispondere\u202fin 2 rate: 50% alla conferma dell\u2019iscrizione e 50% a conclusione delle attivit\u00e0 formative, prima della fase di esperienza in azienda.<\/span><span data-contrast=\"auto\">\u202f<\/span><span data-ccp-props=\"{\">\u00a0<\/span><\/p><p><span data-contrast=\"auto\">Se la quota viene saldata in un\u2019unica soluzione viene applicato il 10% di sconto sul totale.<\/span><span data-contrast=\"auto\"> (se con voucher il 10% di sconto verr\u00e0 applicato sulla somma totale meno il voucher)<\/span><span data-contrast=\"auto\">\u202f<\/span><span data-ccp-props=\"{\">\u00a0<\/span><\/p><p><span data-contrast=\"auto\">Per le iscrizioni da parte di aziende,\u202fOltre\u202foffre:<\/span><span data-contrast=\"auto\">\u202f<\/span><span data-ccp-props=\"{\">\u00a0<\/span><\/p><p><span data-contrast=\"auto\">Riduzione del\u202f<\/span><span data-contrast=\"auto\">15<\/span><span data-contrast=\"auto\">% nel caso di un iscritto, in quanto non viene prevista la fase di Esperienza in azienda.\u202f<\/span><\/p><\/div><\/div>\n        <\/section>\t\t\t\t<\/div>\n\t\t\t\t<\/div>\n\t\t\t\t\t<\/div>\n\t\t<\/div>\n\t\t\t\t<div class=\"aux-parallax-section elementor-column elementor-col-50 elementor-top-column elementor-element elementor-element-1e022d2\" data-id=\"1e022d2\" data-element_type=\"column\" data-e-type=\"column\">\n\t\t\t<div class=\"elementor-widget-wrap elementor-element-populated\">\n\t\t\t\t\t\t<div class=\"elementor-element elementor-element-b9067f9 elementor-widget elementor-widget-aux_modern_heading\" data-id=\"b9067f9\" data-element_type=\"widget\" data-e-type=\"widget\" data-widget_type=\"aux_modern_heading.default\">\n\t\t\t\t<div class=\"elementor-widget-container\">\n\t\t\t\t\t<section class=\"aux-widget-modern-heading\">\n            <div class=\"aux-widget-inner\"><h2 class=\"aux-modern-heading-primary\">COME ISCRIVERSI<\/h2><div class=\"aux-modern-heading-divider\"><\/div><div class=\"aux-modern-heading-description\"><p>Richiedi Informazioni per prenotare una call di orientamento con i nostri consulenti riceverai maggiori dettagli sui percorsi accademici e le opportunit\u00e0 di carriera nel settore<\/p><p>oppure<\/p><p>invia una mail a info@oltresrl.eu<\/p><\/div><\/div>\n        <\/section>\t\t\t\t<\/div>\n\t\t\t\t<\/div>\n\t\t\t\t\t<\/div>\n\t\t<\/div>\n\t\t\t\t\t<\/div>\n\t\t<\/section>\n\t\t\t\t<section class=\"elementor-section elementor-top-section elementor-element elementor-element-778a961 elementor-section-boxed elementor-section-height-default elementor-section-height-default\" data-id=\"778a961\" data-element_type=\"section\" data-e-type=\"section\">\n\t\t\t\t\t\t<div class=\"elementor-container elementor-column-gap-default\">\n\t\t\t\t\t<div class=\"aux-parallax-section elementor-column elementor-col-100 elementor-top-column elementor-element elementor-element-9583e1a\" data-id=\"9583e1a\" data-element_type=\"column\" data-e-type=\"column\">\n\t\t\t<div class=\"elementor-widget-wrap elementor-element-populated\">\n\t\t\t\t\t\t<div class=\"elementor-element elementor-element-2aef219 elementor-align-center elementor-widget elementor-widget-button\" data-id=\"2aef219\" data-element_type=\"widget\" data-e-type=\"widget\" data-widget_type=\"button.default\">\n\t\t\t\t<div class=\"elementor-widget-container\">\n\t\t\t\t\t\t\t\t\t<div class=\"elementor-button-wrapper\">\n\t\t\t\t\t<a class=\"elementor-button elementor-button-link elementor-size-xl\" href=\"https:\/\/www.oltresrl.eu\/formsapio\/\">\n\t\t\t\t\t\t<span class=\"elementor-button-content-wrapper\">\n\t\t\t\t\t\t\t\t\t<span class=\"elementor-button-text\">RICHIEDI INFORMAZIONI<\/span>\n\t\t\t\t\t<\/span>\n\t\t\t\t\t<\/a>\n\t\t\t\t<\/div>\n\t\t\t\t\t\t\t\t<\/div>\n\t\t\t\t<\/div>\n\t\t\t\t\t<\/div>\n\t\t<\/div>\n\t\t\t\t\t<\/div>\n\t\t<\/section>\n\t\t\t\t<section class=\"elementor-section elementor-top-section elementor-element elementor-element-e8629ee elementor-section-boxed elementor-section-height-default elementor-section-height-default\" data-id=\"e8629ee\" data-element_type=\"section\" data-e-type=\"section\">\n\t\t\t\t\t\t<div class=\"elementor-container elementor-column-gap-default\">\n\t\t\t\t\t<div class=\"aux-parallax-section elementor-column elementor-col-100 elementor-top-column elementor-element elementor-element-18836f2\" data-id=\"18836f2\" data-element_type=\"column\" data-e-type=\"column\">\n\t\t\t<div class=\"elementor-widget-wrap elementor-element-populated\">\n\t\t\t\t\t\t<div class=\"elementor-element elementor-element-5dda615 elementor-widget elementor-widget-spacer\" data-id=\"5dda615\" data-element_type=\"widget\" data-e-type=\"widget\" data-widget_type=\"spacer.default\">\n\t\t\t\t<div class=\"elementor-widget-container\">\n\t\t\t\t\t\t\t<div class=\"elementor-spacer\">\n\t\t\t<div class=\"elementor-spacer-inner\"><\/div>\n\t\t<\/div>\n\t\t\t\t\t\t<\/div>\n\t\t\t\t<\/div>\n\t\t\t\t\t<\/div>\n\t\t<\/div>\n\t\t\t\t\t<\/div>\n\t\t<\/section>\n\t\t\t\t<section class=\"elementor-section elementor-top-section elementor-element elementor-element-6c1fbe9 elementor-section-boxed elementor-section-height-default elementor-section-height-default\" data-id=\"6c1fbe9\" data-element_type=\"section\" data-e-type=\"section\">\n\t\t\t\t\t\t<div class=\"elementor-container elementor-column-gap-default\">\n\t\t\t\t\t<div class=\"aux-parallax-section elementor-column elementor-col-100 elementor-top-column elementor-element elementor-element-19e625d\" data-id=\"19e625d\" data-element_type=\"column\" data-e-type=\"column\">\n\t\t\t<div class=\"elementor-widget-wrap elementor-element-populated\">\n\t\t\t\t\t\t<div class=\"elementor-element elementor-element-6dbc8c3 elementor-widget elementor-widget-image\" data-id=\"6dbc8c3\" data-element_type=\"widget\" data-e-type=\"widget\" data-widget_type=\"image.default\">\n\t\t\t\t<div class=\"elementor-widget-container\">\n\t\t\t\t\t\t\t\t\t\t\t\t\t\t\t<img decoding=\"async\" width=\"1920\" height=\"250\" src=\"https:\/\/www.oltresrl.eu\/wp-content\/uploads\/2020\/09\/2.jpg\" class=\"attachment-full size-full wp-image-2840\" alt=\"\" srcset=\"https:\/\/www.oltresrl.eu\/wp-content\/uploads\/2020\/09\/2.jpg 1920w, https:\/\/www.oltresrl.eu\/wp-content\/uploads\/2020\/09\/2-1536x200.jpg 1536w, https:\/\/www.oltresrl.eu\/wp-content\/uploads\/2020\/09\/2-600x78.jpg 600w\" sizes=\"(max-width: 1920px) 100vw, 1920px\" \/>\t\t\t\t\t\t\t\t\t\t\t\t\t\t\t<\/div>\n\t\t\t\t<\/div>\n\t\t\t\t\t<\/div>\n\t\t<\/div>\n\t\t\t\t\t<\/div>\n\t\t<\/section>\n\t\t\t\t<\/div>\n\t\t","protected":false},"excerpt":{"rendered":"<p>SAPIO \u00e8 l\u2019Accademia specializzata in People Management di Oltre Srl, societ\u00e0 di formazione, consulenza e recruiting che da oltre 30 anni opera nelle dinamiche del mercato del lavoro. PERCH\u00c9 SCEGLIERE QUESTO MASTER LAB\u202f Partendo dai principi della progettazione e micro progettazione formativa, \u00e8 possibile approcciarsi con incisivit\u00e0 ed efficacia alla gestione dell\u2019aula e all\u2019erogazione di [&hellip;]<\/p>\n","protected":false},"author":7,"featured_media":0,"parent":0,"menu_order":0,"comment_status":"closed","ping_status":"closed","template":"","meta":{"footnotes":""},"class_list":["post-1799","page","type-page","status-publish","hentry"],"aioseo_notices":[],"_links":{"self":[{"href":"https:\/\/www.oltresrl.eu\/index.php\/wp-json\/wp\/v2\/pages\/1799","targetHints":{"allow":["GET"]}}],"collection":[{"href":"https:\/\/www.oltresrl.eu\/index.php\/wp-json\/wp\/v2\/pages"}],"about":[{"href":"https:\/\/www.oltresrl.eu\/index.php\/wp-json\/wp\/v2\/types\/page"}],"author":[{"embeddable":true,"href":"https:\/\/www.oltresrl.eu\/index.php\/wp-json\/wp\/v2\/users\/7"}],"replies":[{"embeddable":true,"href":"https:\/\/www.oltresrl.eu\/index.php\/wp-json\/wp\/v2\/comments?post=1799"}],"version-history":[{"count":38,"href":"https:\/\/www.oltresrl.eu\/index.php\/wp-json\/wp\/v2\/pages\/1799\/revisions"}],"predecessor-version":[{"id":4676,"href":"https:\/\/www.oltresrl.eu\/index.php\/wp-json\/wp\/v2\/pages\/1799\/revisions\/4676"}],"wp:attachment":[{"href":"https:\/\/www.oltresrl.eu\/index.php\/wp-json\/wp\/v2\/media?parent=1799"}],"curies":[{"name":"wp","href":"https:\/\/api.w.org\/{rel}","templated":true}]}}