{"id":1558,"date":"2020-04-22T10:46:19","date_gmt":"2020-04-22T08:46:19","guid":{"rendered":"https:\/\/www.oltresrl.eu\/?page_id=1558"},"modified":"2020-10-01T15:20:18","modified_gmt":"2020-10-01T13:20:18","slug":"store-manager-2","status":"publish","type":"page","link":"https:\/\/www.oltresrl.eu\/index.php\/store-manager-2\/","title":{"rendered":"Store Manager"},"content":{"rendered":"\t\t<div data-elementor-type=\"wp-post\" data-elementor-id=\"1558\" class=\"elementor elementor-1558\">\n\t\t\t\t\t\t<section class=\"elementor-section elementor-top-section elementor-element elementor-element-a573a7c elementor-section-boxed elementor-section-height-default elementor-section-height-default\" data-id=\"a573a7c\" data-element_type=\"section\" data-e-type=\"section\">\n\t\t\t\t\t\t<div class=\"elementor-container elementor-column-gap-default\">\n\t\t\t\t\t<div class=\"aux-parallax-section elementor-column elementor-col-100 elementor-top-column elementor-element elementor-element-013b261\" data-id=\"013b261\" data-element_type=\"column\" data-e-type=\"column\">\n\t\t\t<div class=\"elementor-widget-wrap elementor-element-populated\">\n\t\t\t\t\t\t<div class=\"elementor-element elementor-element-3764232 elementor-widget elementor-widget-heading\" data-id=\"3764232\" data-element_type=\"widget\" data-e-type=\"widget\" data-widget_type=\"heading.default\">\n\t\t\t\t<div class=\"elementor-widget-container\">\n\t\t\t\t\t<h1 class=\"elementor-heading-title elementor-size-default\">Store Manager<\/h1>\t\t\t\t<\/div>\n\t\t\t\t<\/div>\n\t\t\t\t\t<\/div>\n\t\t<\/div>\n\t\t\t\t\t<\/div>\n\t\t<\/section>\n\t\t\t\t<section class=\"elementor-section elementor-top-section elementor-element elementor-element-12a858d elementor-section-boxed elementor-section-height-default elementor-section-height-default\" data-id=\"12a858d\" data-element_type=\"section\" data-e-type=\"section\">\n\t\t\t\t\t\t<div class=\"elementor-container elementor-column-gap-default\">\n\t\t\t\t\t<div class=\"aux-parallax-section elementor-column elementor-col-100 elementor-top-column elementor-element elementor-element-c6dfcc6\" data-id=\"c6dfcc6\" data-element_type=\"column\" data-e-type=\"column\">\n\t\t\t<div class=\"elementor-widget-wrap elementor-element-populated\">\n\t\t\t\t\t\t<div class=\"elementor-element elementor-element-a5a6f2e elementor-widget elementor-widget-spacer\" data-id=\"a5a6f2e\" data-element_type=\"widget\" data-e-type=\"widget\" data-widget_type=\"spacer.default\">\n\t\t\t\t<div class=\"elementor-widget-container\">\n\t\t\t\t\t\t\t<div class=\"elementor-spacer\">\n\t\t\t<div class=\"elementor-spacer-inner\"><\/div>\n\t\t<\/div>\n\t\t\t\t\t\t<\/div>\n\t\t\t\t<\/div>\n\t\t\t\t\t<\/div>\n\t\t<\/div>\n\t\t\t\t\t<\/div>\n\t\t<\/section>\n\t\t\t\t<section class=\"elementor-section elementor-top-section elementor-element elementor-element-a7ad518 elementor-section-boxed elementor-section-height-default elementor-section-height-default\" data-id=\"a7ad518\" data-element_type=\"section\" data-e-type=\"section\">\n\t\t\t\t\t\t<div class=\"elementor-container elementor-column-gap-wider\">\n\t\t\t\t\t<div class=\"aux-parallax-section elementor-column elementor-col-50 elementor-top-column elementor-element elementor-element-a8406c8\" data-id=\"a8406c8\" data-element_type=\"column\" data-e-type=\"column\">\n\t\t\t<div class=\"elementor-widget-wrap elementor-element-populated\">\n\t\t\t\t\t\t<div class=\"elementor-element elementor-element-3e36039 elementor-position-left elementor-vertical-align-top elementor-widget elementor-widget-image-box\" data-id=\"3e36039\" data-element_type=\"widget\" data-e-type=\"widget\" data-widget_type=\"image-box.default\">\n\t\t\t\t<div class=\"elementor-widget-container\">\n\t\t\t\t\t<div class=\"elementor-image-box-wrapper\"><figure class=\"elementor-image-box-img\"><img fetchpriority=\"high\" decoding=\"async\" width=\"940\" height=\"788\" src=\"https:\/\/www.oltresrl.eu\/wp-content\/uploads\/2020\/04\/13.png\" class=\"elementor-animation-grow attachment-full size-full wp-image-1159\" alt=\"\" srcset=\"https:\/\/www.oltresrl.eu\/wp-content\/uploads\/2020\/04\/13.png 940w, https:\/\/www.oltresrl.eu\/wp-content\/uploads\/2020\/04\/13-600x503.png 600w\" sizes=\"(max-width: 940px) 100vw, 940px\" \/><\/figure><\/div>\t\t\t\t<\/div>\n\t\t\t\t<\/div>\n\t\t\t\t\t<\/div>\n\t\t<\/div>\n\t\t\t\t<div class=\"aux-parallax-section elementor-column elementor-col-50 elementor-top-column elementor-element elementor-element-34eda3c\" data-id=\"34eda3c\" data-element_type=\"column\" data-e-type=\"column\">\n\t\t\t<div class=\"elementor-widget-wrap elementor-element-populated\">\n\t\t\t\t\t\t<div class=\"elementor-element elementor-element-85e3352 elementor-widget elementor-widget-aux_modern_heading\" data-id=\"85e3352\" data-element_type=\"widget\" data-e-type=\"widget\" data-widget_type=\"aux_modern_heading.default\">\n\t\t\t\t<div class=\"elementor-widget-container\">\n\t\t\t\t\t<section class=\"aux-widget-modern-heading\">\n            <div class=\"aux-widget-inner\"><h2 class=\"aux-modern-heading-primary\">Sbocchi lavorativi<\/h2><div class=\"aux-modern-heading-divider\"><\/div><div class=\"aux-modern-heading-description\"><p>Lo store manager pu\u00f2:<\/p><p>- operare nella gestione di un punto di vendita grande, oppure di uno store di nuova apertura.<\/p><p>- diventare Area Manager e assumere la gestione di tutti i negozi presenti in una determinata area.<\/p><p>- lavorare all\u2019interno di aziende di retail per lo sviluppo del brand.<\/p><\/div><\/div>\n        <\/section>\t\t\t\t<\/div>\n\t\t\t\t<\/div>\n\t\t\t\t\t<\/div>\n\t\t<\/div>\n\t\t\t\t\t<\/div>\n\t\t<\/section>\n\t\t\t\t<section class=\"elementor-section elementor-top-section elementor-element elementor-element-52391eb elementor-section-boxed elementor-section-height-default elementor-section-height-default\" data-id=\"52391eb\" data-element_type=\"section\" data-e-type=\"section\">\n\t\t\t\t\t\t<div class=\"elementor-container elementor-column-gap-wider\">\n\t\t\t\t\t<div class=\"aux-parallax-section elementor-column elementor-col-50 elementor-top-column elementor-element elementor-element-da8e492\" data-id=\"da8e492\" data-element_type=\"column\" data-e-type=\"column\">\n\t\t\t<div class=\"elementor-widget-wrap elementor-element-populated\">\n\t\t\t\t\t\t<div class=\"elementor-element elementor-element-44d9ad9 elementor-widget elementor-widget-aux_modern_heading\" data-id=\"44d9ad9\" data-element_type=\"widget\" data-e-type=\"widget\" data-widget_type=\"aux_modern_heading.default\">\n\t\t\t\t<div class=\"elementor-widget-container\">\n\t\t\t\t\t<section class=\"aux-widget-modern-heading\">\n            <div class=\"aux-widget-inner\"><h2 class=\"aux-modern-heading-primary\">Informazioni sul corso<\/h2><div class=\"aux-modern-heading-divider\"><\/div><div class=\"aux-modern-heading-description\"><p>Il corso \u00e8 rivolto a coloro che intendano acquisire competenze specifiche per inserirsi in qualit\u00e0 di responsabili di diverse tipologie di attivit\u00e0 commerciali.<\/p><p>L\u2019obiettivo \u00e8 la formazione di professionisti nel settore della vendita specializzati nella gestione dei processi operativi, strategici e comunicativi di un\u2019azienda commerciale con conoscenze e competenze in marketing retail e in gestione e sviluppo delle risorse umane; fondamentali per la crescita del brand e del business dell\u2019azienda. <\/p><\/div><\/div>\n        <\/section>\t\t\t\t<\/div>\n\t\t\t\t<\/div>\n\t\t\t\t\t<\/div>\n\t\t<\/div>\n\t\t\t\t<div class=\"aux-parallax-section elementor-column elementor-col-50 elementor-top-column elementor-element elementor-element-58a84b8\" data-id=\"58a84b8\" data-element_type=\"column\" data-e-type=\"column\">\n\t\t\t<div class=\"elementor-widget-wrap elementor-element-populated\">\n\t\t\t\t\t\t<div class=\"elementor-element elementor-element-f15fb1d elementor-widget elementor-widget-aux_modern_heading\" data-id=\"f15fb1d\" data-element_type=\"widget\" data-e-type=\"widget\" data-widget_type=\"aux_modern_heading.default\">\n\t\t\t\t<div class=\"elementor-widget-container\">\n\t\t\t\t\t<section class=\"aux-widget-modern-heading\">\n            <div class=\"aux-widget-inner\"><h2 class=\"aux-modern-heading-primary\">Moduli Formativi<\/h2><div class=\"aux-modern-heading-divider\"><\/div><div class=\"aux-modern-heading-description\"><p>- MERCATO DEL LAVORO E OPPORTUNITA\u2019<\/p><p>- ORGANIZZAZIONE AZIENDALE<\/p><p>- COMUNICAZIONE EFFICACE<\/p><p>- COMUNICAZIONE EFFICACE: STRUMENTI WEB E SOCIAL<\/p><p>- COMUNICAZIONE EFFICACE: STRUMENTI DI PRESENTAZIONE<\/p><p>- LAVORARE IN TEAM<\/p><p>- ORGANIZZAZIONE E GESTIONE DI UN PUNTO COMMERCIALE<\/p><p>- MARKETING RETAIL<\/p><p>- ALLESTIMENTO DEL PUNTO COMMERCIALE E VISUAL MERCHANDISING<\/p><p>- INGLESE PER LO STORE MANAGEMENT<\/p><\/div><\/div>\n        <\/section>\t\t\t\t<\/div>\n\t\t\t\t<\/div>\n\t\t\t\t\t<\/div>\n\t\t<\/div>\n\t\t\t\t\t<\/div>\n\t\t<\/section>\n\t\t\t\t<section class=\"elementor-section elementor-top-section elementor-element elementor-element-cf65531 elementor-section-boxed elementor-section-height-default elementor-section-height-default\" data-id=\"cf65531\" data-element_type=\"section\" data-e-type=\"section\">\n\t\t\t\t\t\t<div class=\"elementor-container elementor-column-gap-default\">\n\t\t\t\t\t<div class=\"aux-parallax-section elementor-column elementor-col-100 elementor-top-column elementor-element elementor-element-37874e3\" data-id=\"37874e3\" data-element_type=\"column\" data-e-type=\"column\">\n\t\t\t<div class=\"elementor-widget-wrap elementor-element-populated\">\n\t\t\t\t\t\t<div class=\"elementor-element elementor-element-9f12b0c elementor-widget elementor-widget-html\" data-id=\"9f12b0c\" data-element_type=\"widget\" data-e-type=\"widget\" data-widget_type=\"html.default\">\n\t\t\t\t<div class=\"elementor-widget-container\">\n\t\t\t\t\t<center>[wpforms id=\"2650\"]<\/center>\t\t\t\t<\/div>\n\t\t\t\t<\/div>\n\t\t\t\t\t<\/div>\n\t\t<\/div>\n\t\t\t\t\t<\/div>\n\t\t<\/section>\n\t\t\t\t<\/div>\n\t\t","protected":false},"excerpt":{"rendered":"<p>Store Manager Sbocchi lavorativi Lo store manager pu\u00f2: &#8211; operare nella gestione di un punto di vendita grande, oppure di uno store di nuova apertura. &#8211; diventare Area Manager e assumere la gestione di tutti i negozi presenti in una determinata area. &#8211; lavorare all\u2019interno di aziende di retail per lo sviluppo del brand. Informazioni [&hellip;]<\/p>\n","protected":false},"author":7,"featured_media":0,"parent":0,"menu_order":0,"comment_status":"closed","ping_status":"closed","template":"","meta":{"footnotes":""},"class_list":["post-1558","page","type-page","status-publish","hentry"],"aioseo_notices":[],"_links":{"self":[{"href":"https:\/\/www.oltresrl.eu\/index.php\/wp-json\/wp\/v2\/pages\/1558","targetHints":{"allow":["GET"]}}],"collection":[{"href":"https:\/\/www.oltresrl.eu\/index.php\/wp-json\/wp\/v2\/pages"}],"about":[{"href":"https:\/\/www.oltresrl.eu\/index.php\/wp-json\/wp\/v2\/types\/page"}],"author":[{"embeddable":true,"href":"https:\/\/www.oltresrl.eu\/index.php\/wp-json\/wp\/v2\/users\/7"}],"replies":[{"embeddable":true,"href":"https:\/\/www.oltresrl.eu\/index.php\/wp-json\/wp\/v2\/comments?post=1558"}],"version-history":[{"count":3,"href":"https:\/\/www.oltresrl.eu\/index.php\/wp-json\/wp\/v2\/pages\/1558\/revisions"}],"predecessor-version":[{"id":2968,"href":"https:\/\/www.oltresrl.eu\/index.php\/wp-json\/wp\/v2\/pages\/1558\/revisions\/2968"}],"wp:attachment":[{"href":"https:\/\/www.oltresrl.eu\/index.php\/wp-json\/wp\/v2\/media?parent=1558"}],"curies":[{"name":"wp","href":"https:\/\/api.w.org\/{rel}","templated":true}]}}