{"id":1450,"date":"2020-04-17T14:44:05","date_gmt":"2020-04-17T12:44:05","guid":{"rendered":"https:\/\/www.oltresrl.eu\/?page_id=1450"},"modified":"2022-05-27T12:53:14","modified_gmt":"2022-05-27T10:53:14","slug":"online-esperto-di-smart-working","status":"publish","type":"page","link":"https:\/\/www.oltresrl.eu\/index.php\/online-esperto-di-smart-working\/","title":{"rendered":"Online &#8211; Esperto di Smart Working"},"content":{"rendered":"\t\t<div data-elementor-type=\"wp-post\" data-elementor-id=\"1450\" class=\"elementor elementor-1450\">\n\t\t\t\t\t\t<section class=\"elementor-section elementor-top-section elementor-element elementor-element-a573a7c elementor-section-boxed elementor-section-height-default elementor-section-height-default\" data-id=\"a573a7c\" data-element_type=\"section\" data-e-type=\"section\">\n\t\t\t\t\t\t<div class=\"elementor-container elementor-column-gap-default\">\n\t\t\t\t\t<div class=\"aux-parallax-section elementor-column elementor-col-100 elementor-top-column elementor-element elementor-element-013b261\" data-id=\"013b261\" data-element_type=\"column\" data-e-type=\"column\">\n\t\t\t<div class=\"elementor-widget-wrap elementor-element-populated\">\n\t\t\t\t\t\t<div class=\"elementor-element elementor-element-f1fbaed elementor-widget elementor-widget-heading\" data-id=\"f1fbaed\" data-element_type=\"widget\" data-e-type=\"widget\" data-settings=\"{&quot;_animation&quot;:&quot;none&quot;}\" data-widget_type=\"heading.default\">\n\t\t\t\t<div class=\"elementor-widget-container\">\n\t\t\t\t\t<h2 class=\"elementor-heading-title elementor-size-default\">Esperto di Smart Working<\/h2>\t\t\t\t<\/div>\n\t\t\t\t<\/div>\n\t\t\t\t\t<\/div>\n\t\t<\/div>\n\t\t\t\t\t<\/div>\n\t\t<\/section>\n\t\t\t\t<section class=\"elementor-section elementor-top-section elementor-element elementor-element-12a858d elementor-section-boxed elementor-section-height-default elementor-section-height-default\" data-id=\"12a858d\" data-element_type=\"section\" data-e-type=\"section\">\n\t\t\t\t\t\t<div class=\"elementor-container elementor-column-gap-default\">\n\t\t\t\t\t<div class=\"aux-parallax-section elementor-column elementor-col-100 elementor-top-column elementor-element elementor-element-c6dfcc6\" data-id=\"c6dfcc6\" data-element_type=\"column\" data-e-type=\"column\">\n\t\t\t<div class=\"elementor-widget-wrap elementor-element-populated\">\n\t\t\t\t\t\t<div class=\"elementor-element elementor-element-a5a6f2e elementor-widget elementor-widget-spacer\" data-id=\"a5a6f2e\" data-element_type=\"widget\" data-e-type=\"widget\" data-widget_type=\"spacer.default\">\n\t\t\t\t<div class=\"elementor-widget-container\">\n\t\t\t\t\t\t\t<div class=\"elementor-spacer\">\n\t\t\t<div class=\"elementor-spacer-inner\"><\/div>\n\t\t<\/div>\n\t\t\t\t\t\t<\/div>\n\t\t\t\t<\/div>\n\t\t\t\t\t<\/div>\n\t\t<\/div>\n\t\t\t\t\t<\/div>\n\t\t<\/section>\n\t\t\t\t<section class=\"elementor-section elementor-top-section elementor-element elementor-element-ee3268c elementor-section-boxed elementor-section-height-default elementor-section-height-default\" data-id=\"ee3268c\" data-element_type=\"section\" data-e-type=\"section\">\n\t\t\t\t\t\t<div class=\"elementor-container elementor-column-gap-default\">\n\t\t\t\t\t<div class=\"aux-parallax-section elementor-column elementor-col-100 elementor-top-column elementor-element elementor-element-923c5ce\" data-id=\"923c5ce\" data-element_type=\"column\" data-e-type=\"column\">\n\t\t\t<div class=\"elementor-widget-wrap elementor-element-populated\">\n\t\t\t\t\t\t<div class=\"elementor-element elementor-element-3e36039 elementor-position-top elementor-widget elementor-widget-image-box\" data-id=\"3e36039\" data-element_type=\"widget\" data-e-type=\"widget\" data-widget_type=\"image-box.default\">\n\t\t\t\t<div class=\"elementor-widget-container\">\n\t\t\t\t\t<div class=\"elementor-image-box-wrapper\"><figure class=\"elementor-image-box-img\"><img fetchpriority=\"high\" decoding=\"async\" width=\"760\" height=\"450\" src=\"https:\/\/www.oltresrl.eu\/wp-content\/uploads\/2022\/05\/smartworking.png\" class=\"elementor-animation-grow attachment-full size-full wp-image-8728\" alt=\"lavoro; formazione; smart working;\" \/><\/figure><\/div>\t\t\t\t<\/div>\n\t\t\t\t<\/div>\n\t\t\t\t\t<\/div>\n\t\t<\/div>\n\t\t\t\t\t<\/div>\n\t\t<\/section>\n\t\t\t\t<section class=\"elementor-section elementor-top-section elementor-element elementor-element-a7ad518 elementor-section-boxed elementor-section-height-default elementor-section-height-default\" data-id=\"a7ad518\" data-element_type=\"section\" data-e-type=\"section\">\n\t\t\t\t\t\t<div class=\"elementor-container elementor-column-gap-wider\">\n\t\t\t\t\t<div class=\"aux-parallax-section elementor-column elementor-col-50 elementor-top-column elementor-element elementor-element-a8406c8\" data-id=\"a8406c8\" data-element_type=\"column\" data-e-type=\"column\">\n\t\t\t<div class=\"elementor-widget-wrap elementor-element-populated\">\n\t\t\t\t\t\t<div class=\"elementor-element elementor-element-211bd7a elementor-widget elementor-widget-aux_accordion\" data-id=\"211bd7a\" data-element_type=\"widget\" data-e-type=\"widget\" data-widget_type=\"aux_accordion.default\">\n\t\t\t\t<div class=\"elementor-widget-container\">\n\t\t\t\t\t<section class=\"widget-container aux-widget-accordion widget-toggle aux-parent-au4d217809\" style=\"\" ><div class=\"widget-inner  aux-type-accordion\" data-toggle=\"false\"><section class=\"aux-toggle-item\"><h2 id=\"aux-toggle-header-3471\" class=\"aux-toggle-header toggle-header\" tabindex=\"3471\" role=\"tab\" aria-controls=\"aux-toggle-content-3471\" >Sbocchi lavorativi<\/h2><div id=\"aux-toggle-content-3471\" class=\"aux-toggle-content toggle-content\" tabindex=\"3471\" role=\"tabpanel\" aria-labelledby=\"aux-toggle-header-3471\" ><p>L\u2019esperto di smart working pu\u00f2 lavorare:<\/p><p>- in diverse tipologie di aziende dove \u00e8 richiesta una figura in grado di gestire il passaggio graduale allo smart working. Si occuper\u00e0 di individuare le migliori azioni per coordinare e favorire la collaborazione tra le risorse e gestire eventuali problematiche di tipo comunicativo e collaborativo; <br \/>- in aziende affiancando la figura dell\u2019HR Manager o del Facility Manager occupandosi dell\u2019organizzazione del lavoro agile e di guidare e formare le risorse verso la flessibilit\u00e0 lavorativa;<br \/>- come consulente esterno occupandosi di introdurre lo smart working, sviluppare i modelli operativi, formare sulle tecnologie necessarie al personale, testare la fase operativa, riorganizzare gli spazi lavorativi e gestire le problematiche.<\/p><\/div><\/section><section class=\"aux-toggle-item\"><h2 id=\"aux-toggle-header-3472\" class=\"aux-toggle-header toggle-header\" tabindex=\"3472\" role=\"tab\" aria-controls=\"aux-toggle-content-3472\" >Informazioni di dettaglio<\/h2><div id=\"aux-toggle-content-3472\" class=\"aux-toggle-content toggle-content\" tabindex=\"3472\" role=\"tabpanel\" aria-labelledby=\"aux-toggle-header-3472\" ><p>Il corso ha la finalit\u00e0 di preparare e avviare professionisti capaci di operare nell\u2019ambito dello smart working.<\/p><p>L\u2019obiettivo principale \u00e8 quello di formare figure predisposte ad agevolare il passaggio dal posto fisso, inteso come lavoro d\u2019ufficio o di scrivania, a quello agile. La figura in uscita \u00e8 quella di un esperto in grado di formare e coordinare i propri collaboratori per predisporli all\u2019attivit\u00e0 dello smart working attraverso l\u2019utilizzo delle pi\u00f9 recenti tecnologie.<\/p><p>L\u2019esperto di smart working possiede la capacit\u00e0 di introdurre al progetto di lavoro agile, sviluppare modelli operativi e livelli di interazione e comunicazione, individuare le tecnologie necessarie al personale selezionato (utilizzo degli applicativi da remoto e nuove piattaforme di condivisione), testare la fase operativa (1\/2 giorni alla settimana prima del passaggio a periodi pi\u00f9 lunghi), gestire la struttura amministrativa\/economica e riorganizzare gli spazi lavorativi con postazioni condivise, co-working e hot-desking.<\/p><\/div><\/section><section class=\"aux-toggle-item\"><h2 id=\"aux-toggle-header-3473\" class=\"aux-toggle-header toggle-header\" tabindex=\"3473\" role=\"tab\" aria-controls=\"aux-toggle-content-3473\" >Moduli formativi<\/h2><div id=\"aux-toggle-content-3473\" class=\"aux-toggle-content toggle-content\" tabindex=\"3473\" role=\"tabpanel\" aria-labelledby=\"aux-toggle-header-3473\" ><p>- CHE COS\u2019\u00c8 LO SMART WORKING E COME SI GESTISCE TECNICAMENTE<\/p><p>- IMPLICAZIONI METODOLOGICHE DELLO SMART WORKING E NORMATIVA DI RIFERIMENTO<\/p><p>- SICUREZZA SUL LAVORO<\/p><p>- ORGANIZZAZIONE AZIENDALE<\/p><p>- PROJECT MANAGEMENT<\/p><\/div><\/section><\/div><\/section><!-- widget-container -->\t\t\t\t<\/div>\n\t\t\t\t<\/div>\n\t\t\t\t\t<\/div>\n\t\t<\/div>\n\t\t\t\t<div class=\"aux-parallax-section elementor-column elementor-col-50 elementor-top-column elementor-element elementor-element-34eda3c\" data-id=\"34eda3c\" data-element_type=\"column\" data-e-type=\"column\" data-settings=\"{&quot;background_background&quot;:&quot;classic&quot;}\">\n\t\t\t<div class=\"elementor-widget-wrap elementor-element-populated\">\n\t\t\t\t\t\t<div class=\"elementor-element elementor-element-7f06265 elementor-widget elementor-widget-html\" data-id=\"7f06265\" data-element_type=\"widget\" data-e-type=\"widget\" data-widget_type=\"html.default\">\n\t\t\t\t<div class=\"elementor-widget-container\">\n\t\t\t\t\t<center>[wpforms id=\"2650\"]<\/center>\t\t\t\t<\/div>\n\t\t\t\t<\/div>\n\t\t\t\t\t<\/div>\n\t\t<\/div>\n\t\t\t\t\t<\/div>\n\t\t<\/section>\n\t\t\t\t<section class=\"elementor-section elementor-top-section elementor-element elementor-element-2e856e9 elementor-section-boxed elementor-section-height-default elementor-section-height-default\" data-id=\"2e856e9\" data-element_type=\"section\" data-e-type=\"section\">\n\t\t\t\t\t\t<div class=\"elementor-container elementor-column-gap-default\">\n\t\t\t\t\t<div class=\"aux-parallax-section elementor-column elementor-col-100 elementor-top-column elementor-element elementor-element-7c2d4f3\" data-id=\"7c2d4f3\" data-element_type=\"column\" data-e-type=\"column\">\n\t\t\t<div class=\"elementor-widget-wrap\">\n\t\t\t\t\t\t\t<\/div>\n\t\t<\/div>\n\t\t\t\t\t<\/div>\n\t\t<\/section>\n\t\t\t\t<\/div>\n\t\t","protected":false},"excerpt":{"rendered":"<p>Esperto di Smart Working Sbocchi lavorativi L\u2019esperto di smart working pu\u00f2 lavorare: &#8211; in diverse tipologie di aziende dove \u00e8 richiesta una figura in grado di gestire il passaggio graduale allo smart working. Si occuper\u00e0 di individuare le migliori azioni per coordinare e favorire la collaborazione tra le risorse e gestire eventuali problematiche di tipo [&hellip;]<\/p>\n","protected":false},"author":7,"featured_media":0,"parent":0,"menu_order":0,"comment_status":"closed","ping_status":"closed","template":"","meta":{"footnotes":""},"class_list":["post-1450","page","type-page","status-publish","hentry"],"aioseo_notices":[],"_links":{"self":[{"href":"https:\/\/www.oltresrl.eu\/index.php\/wp-json\/wp\/v2\/pages\/1450","targetHints":{"allow":["GET"]}}],"collection":[{"href":"https:\/\/www.oltresrl.eu\/index.php\/wp-json\/wp\/v2\/pages"}],"about":[{"href":"https:\/\/www.oltresrl.eu\/index.php\/wp-json\/wp\/v2\/types\/page"}],"author":[{"embeddable":true,"href":"https:\/\/www.oltresrl.eu\/index.php\/wp-json\/wp\/v2\/users\/7"}],"replies":[{"embeddable":true,"href":"https:\/\/www.oltresrl.eu\/index.php\/wp-json\/wp\/v2\/comments?post=1450"}],"version-history":[{"count":11,"href":"https:\/\/www.oltresrl.eu\/index.php\/wp-json\/wp\/v2\/pages\/1450\/revisions"}],"predecessor-version":[{"id":8762,"href":"https:\/\/www.oltresrl.eu\/index.php\/wp-json\/wp\/v2\/pages\/1450\/revisions\/8762"}],"wp:attachment":[{"href":"https:\/\/www.oltresrl.eu\/index.php\/wp-json\/wp\/v2\/media?parent=1450"}],"curies":[{"name":"wp","href":"https:\/\/api.w.org\/{rel}","templated":true}]}}