{"id":1101,"date":"2020-03-31T09:39:26","date_gmt":"2020-03-31T07:39:26","guid":{"rendered":"https:\/\/www.oltresrl.eu\/?page_id=1101"},"modified":"2020-10-01T15:16:01","modified_gmt":"2020-10-01T13:16:01","slug":"esperto-web-marketing","status":"publish","type":"page","link":"https:\/\/www.oltresrl.eu\/index.php\/esperto-web-marketing\/","title":{"rendered":"Esperto Web Marketing"},"content":{"rendered":"\t\t<div data-elementor-type=\"wp-post\" data-elementor-id=\"1101\" class=\"elementor elementor-1101\">\n\t\t\t\t\t\t<section class=\"elementor-section elementor-top-section elementor-element elementor-element-a573a7c elementor-section-boxed elementor-section-height-default elementor-section-height-default\" data-id=\"a573a7c\" data-element_type=\"section\" data-e-type=\"section\">\n\t\t\t\t\t\t<div class=\"elementor-container elementor-column-gap-default\">\n\t\t\t\t\t<div class=\"aux-parallax-section elementor-column elementor-col-100 elementor-top-column elementor-element elementor-element-013b261\" data-id=\"013b261\" data-element_type=\"column\" data-e-type=\"column\">\n\t\t\t<div class=\"elementor-widget-wrap elementor-element-populated\">\n\t\t\t\t\t\t<div class=\"elementor-element elementor-element-3764232 elementor-widget elementor-widget-heading\" data-id=\"3764232\" data-element_type=\"widget\" data-e-type=\"widget\" data-widget_type=\"heading.default\">\n\t\t\t\t<div class=\"elementor-widget-container\">\n\t\t\t\t\t<h1 class=\"elementor-heading-title elementor-size-default\">Esperto Web Marketing<\/h1>\t\t\t\t<\/div>\n\t\t\t\t<\/div>\n\t\t\t\t\t<\/div>\n\t\t<\/div>\n\t\t\t\t\t<\/div>\n\t\t<\/section>\n\t\t\t\t<section class=\"elementor-section elementor-top-section elementor-element elementor-element-12a858d elementor-section-boxed elementor-section-height-default elementor-section-height-default\" data-id=\"12a858d\" data-element_type=\"section\" data-e-type=\"section\">\n\t\t\t\t\t\t<div class=\"elementor-container elementor-column-gap-default\">\n\t\t\t\t\t<div class=\"aux-parallax-section elementor-column elementor-col-100 elementor-top-column elementor-element elementor-element-c6dfcc6\" data-id=\"c6dfcc6\" data-element_type=\"column\" data-e-type=\"column\">\n\t\t\t<div class=\"elementor-widget-wrap elementor-element-populated\">\n\t\t\t\t\t\t<div class=\"elementor-element elementor-element-a5a6f2e elementor-widget elementor-widget-spacer\" data-id=\"a5a6f2e\" data-element_type=\"widget\" data-e-type=\"widget\" data-widget_type=\"spacer.default\">\n\t\t\t\t<div class=\"elementor-widget-container\">\n\t\t\t\t\t\t\t<div class=\"elementor-spacer\">\n\t\t\t<div class=\"elementor-spacer-inner\"><\/div>\n\t\t<\/div>\n\t\t\t\t\t\t<\/div>\n\t\t\t\t<\/div>\n\t\t\t\t\t<\/div>\n\t\t<\/div>\n\t\t\t\t\t<\/div>\n\t\t<\/section>\n\t\t\t\t<section class=\"elementor-section elementor-top-section elementor-element elementor-element-a7ad518 elementor-section-boxed elementor-section-height-default elementor-section-height-default\" data-id=\"a7ad518\" data-element_type=\"section\" data-e-type=\"section\">\n\t\t\t\t\t\t<div class=\"elementor-container elementor-column-gap-wider\">\n\t\t\t\t\t<div class=\"aux-parallax-section elementor-column elementor-col-50 elementor-top-column elementor-element elementor-element-a8406c8\" data-id=\"a8406c8\" data-element_type=\"column\" data-e-type=\"column\">\n\t\t\t<div class=\"elementor-widget-wrap elementor-element-populated\">\n\t\t\t\t\t\t<div class=\"elementor-element elementor-element-3e36039 elementor-position-left elementor-vertical-align-top elementor-widget elementor-widget-image-box\" data-id=\"3e36039\" data-element_type=\"widget\" data-e-type=\"widget\" data-widget_type=\"image-box.default\">\n\t\t\t\t<div class=\"elementor-widget-container\">\n\t\t\t\t\t<div class=\"elementor-image-box-wrapper\"><figure class=\"elementor-image-box-img\"><img fetchpriority=\"high\" decoding=\"async\" width=\"940\" height=\"788\" src=\"https:\/\/www.oltresrl.eu\/wp-content\/uploads\/2020\/04\/8.png\" class=\"elementor-animation-grow attachment-full size-full wp-image-1154\" alt=\"\" srcset=\"https:\/\/www.oltresrl.eu\/wp-content\/uploads\/2020\/04\/8.png 940w, https:\/\/www.oltresrl.eu\/wp-content\/uploads\/2020\/04\/8-600x503.png 600w\" sizes=\"(max-width: 940px) 100vw, 940px\" \/><\/figure><\/div>\t\t\t\t<\/div>\n\t\t\t\t<\/div>\n\t\t\t\t\t<\/div>\n\t\t<\/div>\n\t\t\t\t<div class=\"aux-parallax-section elementor-column elementor-col-50 elementor-top-column elementor-element elementor-element-34eda3c\" data-id=\"34eda3c\" data-element_type=\"column\" data-e-type=\"column\">\n\t\t\t<div class=\"elementor-widget-wrap elementor-element-populated\">\n\t\t\t\t\t\t<div class=\"elementor-element elementor-element-85e3352 elementor-widget elementor-widget-aux_modern_heading\" data-id=\"85e3352\" data-element_type=\"widget\" data-e-type=\"widget\" data-widget_type=\"aux_modern_heading.default\">\n\t\t\t\t<div class=\"elementor-widget-container\">\n\t\t\t\t\t<section class=\"aux-widget-modern-heading\">\n            <div class=\"aux-widget-inner\"><h2 class=\"aux-modern-heading-primary\">Sbocchi lavorativi<\/h2><div class=\"aux-modern-heading-divider\"><\/div><div class=\"aux-modern-heading-description\"><p>L'Esperto di web marketing pu\u00f2 lavorare:<\/p><p>- in aziende occupandosi dell\u2019attivit\u00e0 di gestione e pianificazione della comunicazione aziendale online utilizzando appieno le potenzialit\u00e0 commerciali di internet attraverso anche i pi\u00f9 comuni strumenti di social media a fini commerciali;<\/p><p>- come dipendente o libero professionista per aziende, multinazionali, agenzie di comunicazione, medie e piccole imprese occupandosi di attivit\u00e0 di comunicazione e digitalizzazione.<\/p><\/div><\/div>\n        <\/section>\t\t\t\t<\/div>\n\t\t\t\t<\/div>\n\t\t\t\t\t<\/div>\n\t\t<\/div>\n\t\t\t\t\t<\/div>\n\t\t<\/section>\n\t\t\t\t<section class=\"elementor-section elementor-top-section elementor-element elementor-element-52391eb elementor-section-boxed elementor-section-height-default elementor-section-height-default\" data-id=\"52391eb\" data-element_type=\"section\" data-e-type=\"section\">\n\t\t\t\t\t\t<div class=\"elementor-container elementor-column-gap-wider\">\n\t\t\t\t\t<div class=\"aux-parallax-section elementor-column elementor-col-50 elementor-top-column elementor-element elementor-element-da8e492\" data-id=\"da8e492\" data-element_type=\"column\" data-e-type=\"column\">\n\t\t\t<div class=\"elementor-widget-wrap elementor-element-populated\">\n\t\t\t\t\t\t<div class=\"elementor-element elementor-element-44d9ad9 elementor-widget elementor-widget-aux_modern_heading\" data-id=\"44d9ad9\" data-element_type=\"widget\" data-e-type=\"widget\" data-widget_type=\"aux_modern_heading.default\">\n\t\t\t\t<div class=\"elementor-widget-container\">\n\t\t\t\t\t<section class=\"aux-widget-modern-heading\">\n            <div class=\"aux-widget-inner\"><h2 class=\"aux-modern-heading-primary\">Informazioni sul corso<\/h2><div class=\"aux-modern-heading-divider\"><\/div><div class=\"aux-modern-heading-description\"><p>Il corso \u00e8 rivolto a coloro che intendano acquisire competenze specifiche per approfondire la conoscenza del marketing e dei suoi aspetti Web.<\/p><p>Si porr\u00e0 l\u2019attenzione sull\u2019evoluzione del marketing moderno attraverso l\u2019analisi dei contenuti user generated, delle relazioni online con i clienti, di tutte le regole per impostare una strategia di Web marketing vincente, anche utilizzando i pi\u00f9 comuni strumenti di social media.<\/p><p>A fine corso i partecipanti saranno in grado di supportare le aziende nelle attivit\u00e0 di gestione e pianificazione della comunicazione aziendale online utilizzando appieno le potenzialit\u00e0 commerciali di internet attraverso anche i pi\u00f9 comuni strumenti di social media a fini commerciali.<\/p><\/div><\/div>\n        <\/section>\t\t\t\t<\/div>\n\t\t\t\t<\/div>\n\t\t\t\t\t<\/div>\n\t\t<\/div>\n\t\t\t\t<div class=\"aux-parallax-section elementor-column elementor-col-50 elementor-top-column elementor-element elementor-element-58a84b8\" data-id=\"58a84b8\" data-element_type=\"column\" data-e-type=\"column\">\n\t\t\t<div class=\"elementor-widget-wrap elementor-element-populated\">\n\t\t\t\t\t\t<div class=\"elementor-element elementor-element-f15fb1d elementor-widget elementor-widget-aux_modern_heading\" data-id=\"f15fb1d\" data-element_type=\"widget\" data-e-type=\"widget\" data-widget_type=\"aux_modern_heading.default\">\n\t\t\t\t<div class=\"elementor-widget-container\">\n\t\t\t\t\t<section class=\"aux-widget-modern-heading\">\n            <div class=\"aux-widget-inner\"><h2 class=\"aux-modern-heading-primary\">Moduli Formativi<\/h2><div class=\"aux-modern-heading-divider\"><\/div><div class=\"aux-modern-heading-description\"><p>- MERCATO DEL LAVORO E OPPORTUNITA\u2019<\/p><p>- LAVORARE IN TEAM<\/p><p>- MARKETING<\/p><p>- WEB E COMUNICAZIONE<\/p><p>- WEB MARKETING<\/p><p>- SOCIAL MEDIA MARKETING<\/p><p>- WEB ADVERTISING E VIRAL MARKETING<\/p><p>- LINGUA INGLESE PER IL WEB<\/p><\/div><\/div>\n        <\/section>\t\t\t\t<\/div>\n\t\t\t\t<\/div>\n\t\t\t\t\t<\/div>\n\t\t<\/div>\n\t\t\t\t\t<\/div>\n\t\t<\/section>\n\t\t\t\t<section class=\"elementor-section elementor-top-section elementor-element elementor-element-93c7a81 elementor-section-boxed elementor-section-height-default elementor-section-height-default\" data-id=\"93c7a81\" data-element_type=\"section\" data-e-type=\"section\">\n\t\t\t\t\t\t<div class=\"elementor-container elementor-column-gap-default\">\n\t\t\t\t\t<div class=\"aux-parallax-section elementor-column elementor-col-100 elementor-top-column elementor-element elementor-element-c6286a1\" data-id=\"c6286a1\" data-element_type=\"column\" data-e-type=\"column\">\n\t\t\t<div class=\"elementor-widget-wrap elementor-element-populated\">\n\t\t\t\t\t\t<div class=\"elementor-element elementor-element-e7874f6 elementor-widget elementor-widget-html\" data-id=\"e7874f6\" data-element_type=\"widget\" data-e-type=\"widget\" data-widget_type=\"html.default\">\n\t\t\t\t<div class=\"elementor-widget-container\">\n\t\t\t\t\t<center>[wpforms id=\"2650\"]<\/center>\t\t\t\t<\/div>\n\t\t\t\t<\/div>\n\t\t\t\t\t<\/div>\n\t\t<\/div>\n\t\t\t\t\t<\/div>\n\t\t<\/section>\n\t\t\t\t<\/div>\n\t\t","protected":false},"excerpt":{"rendered":"<p>Esperto Web Marketing Sbocchi lavorativi L&#8217;Esperto di web marketing pu\u00f2 lavorare: &#8211; in aziende occupandosi dell\u2019attivit\u00e0 di gestione e pianificazione della comunicazione aziendale online utilizzando appieno le potenzialit\u00e0 commerciali di internet attraverso anche i pi\u00f9 comuni strumenti di social media a fini commerciali; &#8211; come dipendente o libero professionista per aziende, multinazionali, agenzie di comunicazione, [&hellip;]<\/p>\n","protected":false},"author":7,"featured_media":0,"parent":0,"menu_order":0,"comment_status":"closed","ping_status":"closed","template":"","meta":{"footnotes":""},"class_list":["post-1101","page","type-page","status-publish","hentry"],"aioseo_notices":[],"_links":{"self":[{"href":"https:\/\/www.oltresrl.eu\/index.php\/wp-json\/wp\/v2\/pages\/1101","targetHints":{"allow":["GET"]}}],"collection":[{"href":"https:\/\/www.oltresrl.eu\/index.php\/wp-json\/wp\/v2\/pages"}],"about":[{"href":"https:\/\/www.oltresrl.eu\/index.php\/wp-json\/wp\/v2\/types\/page"}],"author":[{"embeddable":true,"href":"https:\/\/www.oltresrl.eu\/index.php\/wp-json\/wp\/v2\/users\/7"}],"replies":[{"embeddable":true,"href":"https:\/\/www.oltresrl.eu\/index.php\/wp-json\/wp\/v2\/comments?post=1101"}],"version-history":[{"count":7,"href":"https:\/\/www.oltresrl.eu\/index.php\/wp-json\/wp\/v2\/pages\/1101\/revisions"}],"predecessor-version":[{"id":2960,"href":"https:\/\/www.oltresrl.eu\/index.php\/wp-json\/wp\/v2\/pages\/1101\/revisions\/2960"}],"wp:attachment":[{"href":"https:\/\/www.oltresrl.eu\/index.php\/wp-json\/wp\/v2\/media?parent=1101"}],"curies":[{"name":"wp","href":"https:\/\/api.w.org\/{rel}","templated":true}]}}