{"id":1080,"date":"2020-03-31T08:56:43","date_gmt":"2020-03-31T06:56:43","guid":{"rendered":"https:\/\/www.oltresrl.eu\/?page_id=1080"},"modified":"2020-10-01T15:19:48","modified_gmt":"2020-10-01T13:19:48","slug":"addetto-al-banco-gdo","status":"publish","type":"page","link":"https:\/\/www.oltresrl.eu\/index.php\/addetto-al-banco-gdo\/","title":{"rendered":"Addetto al banco &#8211; GDO"},"content":{"rendered":"\t\t<div data-elementor-type=\"wp-post\" data-elementor-id=\"1080\" class=\"elementor elementor-1080\">\n\t\t\t\t\t\t<section class=\"elementor-section elementor-top-section elementor-element elementor-element-a573a7c elementor-section-boxed elementor-section-height-default elementor-section-height-default\" data-id=\"a573a7c\" data-element_type=\"section\" data-e-type=\"section\">\n\t\t\t\t\t\t<div class=\"elementor-container elementor-column-gap-default\">\n\t\t\t\t\t<div class=\"aux-parallax-section elementor-column elementor-col-100 elementor-top-column elementor-element elementor-element-013b261\" data-id=\"013b261\" data-element_type=\"column\" data-e-type=\"column\">\n\t\t\t<div class=\"elementor-widget-wrap elementor-element-populated\">\n\t\t\t\t\t\t<div class=\"elementor-element elementor-element-3764232 elementor-widget elementor-widget-heading\" data-id=\"3764232\" data-element_type=\"widget\" data-e-type=\"widget\" data-widget_type=\"heading.default\">\n\t\t\t\t<div class=\"elementor-widget-container\">\n\t\t\t\t\t<h1 class=\"elementor-heading-title elementor-size-default\">Addetto al Banco - GDO<\/h1>\t\t\t\t<\/div>\n\t\t\t\t<\/div>\n\t\t\t\t\t<\/div>\n\t\t<\/div>\n\t\t\t\t\t<\/div>\n\t\t<\/section>\n\t\t\t\t<section class=\"elementor-section elementor-top-section elementor-element elementor-element-12a858d elementor-section-boxed elementor-section-height-default elementor-section-height-default\" data-id=\"12a858d\" data-element_type=\"section\" data-e-type=\"section\">\n\t\t\t\t\t\t<div class=\"elementor-container elementor-column-gap-default\">\n\t\t\t\t\t<div class=\"aux-parallax-section elementor-column elementor-col-100 elementor-top-column elementor-element elementor-element-c6dfcc6\" data-id=\"c6dfcc6\" data-element_type=\"column\" data-e-type=\"column\">\n\t\t\t<div class=\"elementor-widget-wrap elementor-element-populated\">\n\t\t\t\t\t\t<div class=\"elementor-element elementor-element-a5a6f2e elementor-widget elementor-widget-spacer\" data-id=\"a5a6f2e\" data-element_type=\"widget\" data-e-type=\"widget\" data-widget_type=\"spacer.default\">\n\t\t\t\t<div class=\"elementor-widget-container\">\n\t\t\t\t\t\t\t<div class=\"elementor-spacer\">\n\t\t\t<div class=\"elementor-spacer-inner\"><\/div>\n\t\t<\/div>\n\t\t\t\t\t\t<\/div>\n\t\t\t\t<\/div>\n\t\t\t\t\t<\/div>\n\t\t<\/div>\n\t\t\t\t\t<\/div>\n\t\t<\/section>\n\t\t\t\t<section class=\"elementor-section elementor-top-section elementor-element elementor-element-a7ad518 elementor-section-boxed elementor-section-height-default elementor-section-height-default\" data-id=\"a7ad518\" data-element_type=\"section\" data-e-type=\"section\">\n\t\t\t\t\t\t<div class=\"elementor-container elementor-column-gap-wider\">\n\t\t\t\t\t<div class=\"aux-parallax-section elementor-column elementor-col-50 elementor-top-column elementor-element elementor-element-a8406c8\" data-id=\"a8406c8\" data-element_type=\"column\" data-e-type=\"column\">\n\t\t\t<div class=\"elementor-widget-wrap elementor-element-populated\">\n\t\t\t\t\t\t<div class=\"elementor-element elementor-element-3e36039 elementor-position-left elementor-vertical-align-top elementor-widget elementor-widget-image-box\" data-id=\"3e36039\" data-element_type=\"widget\" data-e-type=\"widget\" data-widget_type=\"image-box.default\">\n\t\t\t\t<div class=\"elementor-widget-container\">\n\t\t\t\t\t<div class=\"elementor-image-box-wrapper\"><figure class=\"elementor-image-box-img\"><img fetchpriority=\"high\" decoding=\"async\" width=\"940\" height=\"788\" src=\"https:\/\/www.oltresrl.eu\/wp-content\/uploads\/2020\/03\/Logistica-Oltre-srl-4.png\" class=\"elementor-animation-grow attachment-full size-full wp-image-1043\" alt=\"\" srcset=\"https:\/\/www.oltresrl.eu\/wp-content\/uploads\/2020\/03\/Logistica-Oltre-srl-4.png 940w, https:\/\/www.oltresrl.eu\/wp-content\/uploads\/2020\/03\/Logistica-Oltre-srl-4-600x503.png 600w\" sizes=\"(max-width: 940px) 100vw, 940px\" \/><\/figure><\/div>\t\t\t\t<\/div>\n\t\t\t\t<\/div>\n\t\t\t\t\t<\/div>\n\t\t<\/div>\n\t\t\t\t<div class=\"aux-parallax-section elementor-column elementor-col-50 elementor-top-column elementor-element elementor-element-34eda3c\" data-id=\"34eda3c\" data-element_type=\"column\" data-e-type=\"column\">\n\t\t\t<div class=\"elementor-widget-wrap elementor-element-populated\">\n\t\t\t\t\t\t<div class=\"elementor-element elementor-element-85e3352 elementor-widget elementor-widget-aux_modern_heading\" data-id=\"85e3352\" data-element_type=\"widget\" data-e-type=\"widget\" data-widget_type=\"aux_modern_heading.default\">\n\t\t\t\t<div class=\"elementor-widget-container\">\n\t\t\t\t\t<section class=\"aux-widget-modern-heading\">\n            <div class=\"aux-widget-inner\"><h2 class=\"aux-modern-heading-primary\">Sbocchi lavorativi\n<\/h2><div class=\"aux-modern-heading-divider\"><\/div><div class=\"aux-modern-heading-description\"><p>L'Addetto al banco \u00e8 una figura che pu\u00f2 trovare impiego: <br \/><br \/>- nelle piccole come nelle grandi aziende o nelle attivit\u00e0 artigianali e commerciali che operano nel settore food.<\/p><p>- nei settori macelleria, pescheria, ortofrutta nella GDO.<\/p><\/div><\/div>\n        <\/section>\t\t\t\t<\/div>\n\t\t\t\t<\/div>\n\t\t\t\t\t<\/div>\n\t\t<\/div>\n\t\t\t\t\t<\/div>\n\t\t<\/section>\n\t\t\t\t<section class=\"elementor-section elementor-top-section elementor-element elementor-element-52391eb elementor-section-boxed elementor-section-height-default elementor-section-height-default\" data-id=\"52391eb\" data-element_type=\"section\" data-e-type=\"section\">\n\t\t\t\t\t\t<div class=\"elementor-container elementor-column-gap-wider\">\n\t\t\t\t\t<div class=\"aux-parallax-section elementor-column elementor-col-50 elementor-top-column elementor-element elementor-element-da8e492\" data-id=\"da8e492\" data-element_type=\"column\" data-e-type=\"column\">\n\t\t\t<div class=\"elementor-widget-wrap elementor-element-populated\">\n\t\t\t\t\t\t<div class=\"elementor-element elementor-element-44d9ad9 elementor-widget elementor-widget-aux_modern_heading\" data-id=\"44d9ad9\" data-element_type=\"widget\" data-e-type=\"widget\" data-widget_type=\"aux_modern_heading.default\">\n\t\t\t\t<div class=\"elementor-widget-container\">\n\t\t\t\t\t<section class=\"aux-widget-modern-heading\">\n            <div class=\"aux-widget-inner\"><h2 class=\"aux-modern-heading-primary\">Informazioni sul corso<\/h2><div class=\"aux-modern-heading-divider\"><\/div><div class=\"aux-modern-heading-description\"><p>L\u2019addetto al banco \u2013 GDO \u00e8 la figura di riferimento nella ricezione e corretta conservazione degli alimenti, nella loro lavorazione e preparazione per la vendita, nel servizio al cliente.<\/p><p>Deve quindi possedere una serie di competenze tecnologiche (relative all\u2019uso di macchine come la bilancia elettronica, l\u2019affettatrice, l\u2019abbattitore di temperatura, i frigoriferi, etc.), alimentari e manuali (legate alla corretta lavorazione di prodotti di qualit\u00e0 da preservare e preparare al meglio per la vendita), igienico-sanitarie (HACCP) ma anche interpersonali (legate alla corretta presentazione, descrizione e vendita dei prodotti esposti sul bancone).<\/p><p>Il corso Addetto al Banco - GDO, si propone di fornire gli strumenti utili e le tecniche fondamentali per gestire al meglio il banco con un adeguato livello di autonomia e di controllo, ponendo particolare attenzione alla valorizzazione del prodotto e alla relazione con il cliente.<\/p><\/div><\/div>\n        <\/section>\t\t\t\t<\/div>\n\t\t\t\t<\/div>\n\t\t\t\t\t<\/div>\n\t\t<\/div>\n\t\t\t\t<div class=\"aux-parallax-section elementor-column elementor-col-50 elementor-top-column elementor-element elementor-element-58a84b8\" data-id=\"58a84b8\" data-element_type=\"column\" data-e-type=\"column\">\n\t\t\t<div class=\"elementor-widget-wrap elementor-element-populated\">\n\t\t\t\t\t\t<div class=\"elementor-element elementor-element-f15fb1d elementor-widget elementor-widget-aux_modern_heading\" data-id=\"f15fb1d\" data-element_type=\"widget\" data-e-type=\"widget\" data-widget_type=\"aux_modern_heading.default\">\n\t\t\t\t<div class=\"elementor-widget-container\">\n\t\t\t\t\t<section class=\"aux-widget-modern-heading\">\n            <div class=\"aux-widget-inner\"><h2 class=\"aux-modern-heading-primary\">Moduli Formativi<\/h2><div class=\"aux-modern-heading-divider\"><\/div><div class=\"aux-modern-heading-description\"><p>- IL SISTEMA H.A.C.C.P<\/p><p>- STILE E QUALITA\u2019 DELLA RELAZIONE DI VENDITA<\/p><p>- LINGUA INGLESE PER LA GDO<\/p><p>- CONOSCERE IL PUNTO VENDITA E I REPARTI DELLA GDO<\/p><p>- IL BANCO GASTRONOMIA NELLA GRANDE DISTRIBUZIONE<\/p><p>- TIPOLOGIA, CONSERVAZIONE E LAVORAZIONE DEI PRODOTTI DI MACELLERIA<\/p><p>- TIPOLOGIA, CONSERVAZIONE E LAVORAZIONE DEI PRODOTTI DI PESCHERIA<\/p><p>- TIPOLOGIA, CONSERVAZIONE E LAVORAZIONE DEI PRODOTTI DI PANETTERIA E PASTICCERIA<\/p><\/div><\/div>\n        <\/section>\t\t\t\t<\/div>\n\t\t\t\t<\/div>\n\t\t\t\t\t<\/div>\n\t\t<\/div>\n\t\t\t\t\t<\/div>\n\t\t<\/section>\n\t\t\t\t<section class=\"elementor-section elementor-top-section elementor-element elementor-element-9d34469 elementor-section-boxed elementor-section-height-default elementor-section-height-default\" data-id=\"9d34469\" data-element_type=\"section\" data-e-type=\"section\">\n\t\t\t\t\t\t<div class=\"elementor-container elementor-column-gap-default\">\n\t\t\t\t\t<div class=\"aux-parallax-section elementor-column elementor-col-100 elementor-top-column elementor-element elementor-element-0166527\" data-id=\"0166527\" data-element_type=\"column\" data-e-type=\"column\">\n\t\t\t<div class=\"elementor-widget-wrap elementor-element-populated\">\n\t\t\t\t\t\t<div class=\"elementor-element elementor-element-e48d9ef elementor-widget elementor-widget-html\" data-id=\"e48d9ef\" data-element_type=\"widget\" data-e-type=\"widget\" data-widget_type=\"html.default\">\n\t\t\t\t<div class=\"elementor-widget-container\">\n\t\t\t\t\t<center>[wpforms id=\"2650\"]<\/center>\t\t\t\t<\/div>\n\t\t\t\t<\/div>\n\t\t\t\t\t<\/div>\n\t\t<\/div>\n\t\t\t\t\t<\/div>\n\t\t<\/section>\n\t\t\t\t<\/div>\n\t\t","protected":false},"excerpt":{"rendered":"<p>Addetto al Banco &#8211; GDO Sbocchi lavorativi L&#8217;Addetto al banco \u00e8 una figura che pu\u00f2 trovare impiego: &#8211; nelle piccole come nelle grandi aziende o nelle attivit\u00e0 artigianali e commerciali che operano nel settore food. &#8211; nei settori macelleria, pescheria, ortofrutta nella GDO. Informazioni sul corso L\u2019addetto al banco \u2013 GDO \u00e8 la figura di [&hellip;]<\/p>\n","protected":false},"author":7,"featured_media":0,"parent":0,"menu_order":0,"comment_status":"closed","ping_status":"closed","template":"","meta":{"footnotes":""},"class_list":["post-1080","page","type-page","status-publish","hentry"],"aioseo_notices":[],"_links":{"self":[{"href":"https:\/\/www.oltresrl.eu\/index.php\/wp-json\/wp\/v2\/pages\/1080","targetHints":{"allow":["GET"]}}],"collection":[{"href":"https:\/\/www.oltresrl.eu\/index.php\/wp-json\/wp\/v2\/pages"}],"about":[{"href":"https:\/\/www.oltresrl.eu\/index.php\/wp-json\/wp\/v2\/types\/page"}],"author":[{"embeddable":true,"href":"https:\/\/www.oltresrl.eu\/index.php\/wp-json\/wp\/v2\/users\/7"}],"replies":[{"embeddable":true,"href":"https:\/\/www.oltresrl.eu\/index.php\/wp-json\/wp\/v2\/comments?post=1080"}],"version-history":[{"count":8,"href":"https:\/\/www.oltresrl.eu\/index.php\/wp-json\/wp\/v2\/pages\/1080\/revisions"}],"predecessor-version":[{"id":2966,"href":"https:\/\/www.oltresrl.eu\/index.php\/wp-json\/wp\/v2\/pages\/1080\/revisions\/2966"}],"wp:attachment":[{"href":"https:\/\/www.oltresrl.eu\/index.php\/wp-json\/wp\/v2\/media?parent=1080"}],"curies":[{"name":"wp","href":"https:\/\/api.w.org\/{rel}","templated":true}]}}